{"id":205077,"date":"2018-01-03T10:16:49","date_gmt":"2018-01-03T09:16:49","guid":{"rendered":"http:\/\/pharmacyandconsulting.com?page_id=205077"},"modified":"2025-12-22T22:49:06","modified_gmt":"2025-12-22T22:49:06","slug":"what-we-offer","status":"publish","type":"page","link":"https:\/\/www.pharmacyandconsulting.com\/?page_id=205077","title":{"rendered":"Ce que nous offrons"},"content":{"rendered":"<p><span style=\"color: #000000;\">L\u2019\u00e9volution de la pharmacie r\u00e9sultera d\u2019une approche synerg\u00e9tique associant innovations, politiques et partenariats.<br \/>\nPharmacy and Consulting vous offre un soutien personnalis\u00e9 et une expertise technique, pour faciliter vos succ\u00e8s futurs.<\/span><\/p>\n<p>&nbsp;<\/p>\n<h2>L&rsquo;innovation en pharmacie<strong><br \/>\n<\/strong><\/h2>\n<div class=\"cllist\">\n<div class=\"result-dict-wrapper\">\n<div class=\"result\">\n<div class=\"text-wrap\"><span style=\"color: #000000; letter-spacing: -0.1px;\">\u00c0 travers le monde, nous assistons \u00e0 une innovation croissante en pharmacie, notamment \u00e0 travers le d\u00e9veloppement de nouveaux services destin\u00e9s aux patients, mais aussi aux assurances maladie, aux autres professionnels de la sant\u00e9 ou aux gouvernements. Ces nouveaux services vont changer radicalement la valeur ajout\u00e9e apport\u00e9e par la pharmacie et son positionnement au sein de la soci\u00e9t\u00e9.<\/span><\/div>\n<div class=\"result-footer\">\n<div class=\"more-wrapper\">\n<div class=\"morebutton jfk-button-flat goog-inline-block goog-menu-button\" tabindex=\"0\" role=\"button\" aria-expanded=\"false\" aria-haspopup=\"true\" aria-label=\"Plus\">\n<div class=\"goog-inline-block goog-menu-button-outer-box\">\n<div class=\"goog-inline-block goog-menu-button-inner-box\">\n<p class=\"goog-inline-block goog-menu-button-dropdown\"><span style=\"color: #000000;\">Pharmacy and Consulting peut fournir une \u00e9valuation des opportunit\u00e9s pour les pharmaciens, bas\u00e9e sur les priorit\u00e9s de sant\u00e9 et l&rsquo;\u00e9tat actuel de la profession dans un pays ou une province donn\u00e9(e), ainsi qu&rsquo;un benchmark complet des services qui pourraient \u00eatre d\u00e9velopp\u00e9s, une m\u00e9thodologie pour les tester puis leur d\u00e9ploiement sur tout le territoire, en se basant sur les exp\u00e9riences et les meilleures pratiques d&rsquo;autres pays.<\/span><\/p>\n<p class=\"goog-inline-block goog-menu-button-dropdown\"><span style=\"color: #000000;\">Nous apportons un savoir unique, qui combine une analyse du potentiel en mati\u00e8re d&rsquo;innovations (tel que v\u00e9cu et mis en \u0153uvre dans d&rsquo;autres pays), les diff\u00e9rentes preuves de l&rsquo;impact de ces innovations, et les r\u00e9ussites et d\u00e9fis rencontr\u00e9s lors de leur conception, de leur mise en \u0153uvre et de leur p\u00e9r\u00e9nnit\u00e9.\u00a0<\/span><br \/>\n<span style=\"color: #000000;\">\u00a0<\/span><\/p>\n<\/div>\n<\/div>\n<\/div>\n<\/div>\n<div class=\"copybutton jfk-button-flat jfk-button\" tabindex=\"0\" role=\"button\" aria-label=\"Copier la traduction\">\n<p class=\"jfk-button-img\"><em style=\"color: #000000; letter-spacing: -0.1px;\"><span style=\"text-decoration: underline;\"><u>Voici quelques exemples de situations pour lesquelles nous vous aidons :<\/u><\/span><\/em><\/p>\n<\/div>\n<\/div>\n<\/div>\n<\/div>\n<\/div>\n<ul>\n<li>Vous \u00eates le directeur des affaires professionnelles d&rsquo;un groupement \/ banni\u00e8re de pharmacies et vous voulez d\u00e9velopper de nouveaux services qui feront de vos franchis\u00e9s \/ membres, des innovateurs.<\/li>\n<li>Vous \u00eates le directeur en charge de la pharmacie au minist\u00e8re de la Sant\u00e9 et souhaitez tester un nouveau service de pharmacie visant \u00e0 optimiser le retour sur investissement des d\u00e9penses pharmaceutiques de votre gouvernement.<\/li>\n<\/ul>\n<h2><\/h2>\n<h2><span style=\"color: #000000;\">Politiques pharmaceutiques<strong><br \/>\n<\/strong><\/span><\/h2>\n<div class=\"cllist\">\n<div class=\"result-dict-wrapper\"><span style=\"color: #000000; letter-spacing: -0.1px;\">Les cadres juridiques et \u00e9conomiques de la pharmacie sont g\u00e9n\u00e9ralement d\u00e9finis par les politiques, les conventions, les r\u00e8glements et les lois, que ces cadres soient adopt\u00e9s par les gouvernements, les parlements, les organisations professionnelles ou d&rsquo;autres entit\u00e9s.<\/span><\/div>\n<\/div>\n<p><span style=\"color: #000000;\">\u00a0<\/span><br \/>\n<span style=\"color: #000000;\">Pharmacy and Consulting propose une offre compl\u00e8te de services pour soutenir le d\u00e9veloppement de nouvelles politiques, depuis l&rsquo;analyse des parties prenantes et de leurs points de vue jusqu&rsquo;\u00e0ux\u00a0diff\u00e9rentes options politiques et les approches \u00e0 consid\u00e9rer et leurs mises en oeuvre pour un plaidoyer efficace. Votre organisation disposera ainsi de tout le soutien n\u00e9cessaire pour stimuler efficacement un changement de politique fond\u00e9 sur des donn\u00e9es probantes et pour assurer et p\u00e9r\u00e9niser l&rsquo;utilisation de la pharmacie \u00e0 la hauteur de son potentiel.<\/span><br \/>\n<span style=\"color: #000000;\">\u00a0<\/span><br \/>\n<span style=\"color: #000000;\">Nous apportons un savoir unique, \u00e0 travers des r\u00e9f\u00e9rences aux politiques internationales (applicables au domaine d\u00e9fini), les exp\u00e9riences de changements similaires qui ont eu lieu dans d&rsquo;autres pays (en tenant compte des difficult\u00e9s rencontr\u00e9es afin de pouvoir les anticiper et \u00e9viter), ainsi que les preuves et exp\u00e9riences qui d\u00e9montrent la pertinence du changement envisag\u00e9.<\/span><\/p>\n<p><span style=\"color: #000000;\"><em><u>Voici quelques exemples de situations pour lesquelles nous vous aidons :<\/u><\/em><\/span><\/p>\n<ul>\n<li><span class=\"translation\" style=\"color: #000000;\">Vous \u00eates un leader d&rsquo;une association de pharmaciens et vous souhaitez mettre \u00e0 jour la l\u00e9gislation pharmaceutique de votre pays \/ province (par exemple, sur la distribution d\u00e9mog\u00e9ographique des officines, le champ d&rsquo;exercice des pharmaciens&#8230;)<\/span><\/li>\n<li><span style=\"color: #000000;\"><span class=\"translation\" style=\"color: #000000;\">Vous \u00eates le leader d&rsquo;une association de pharmaciens et vous souhaitez assurer la p\u00e9rennit\u00e9 des pharmacies d&rsquo;officine en concevant et en n\u00e9gociant un nouveau syst\u00e8me de r\u00e9mun\u00e9ration<\/span>.<\/span><\/li>\n<\/ul>\n<h2><\/h2>\n<h2>Partenariats avec la pharmacie<strong><br \/>\n<\/strong><\/h2>\n<p>Les changements majeurs en cours ou attendus dans le secteur de la pharmacie s&rsquo;appuieront sur\u00a0des partenariats qui associeront de nombreuses parties prenantes.<\/p>\n<p>Pharmacy and Consulting vous assiste dans le d\u00e9veloppement d&rsquo;un engagement significatif entre la Pharmacie et les parties prenantes pertinentes, pour soutenir l&rsquo;innovation et l&rsquo;evolution des politiques pharmaceutiques, tout en permettant \u00e0 toutes les parties prenantes d&rsquo;atteindre leurs objectifs respectifs.<\/p>\n<p>Nous apportons un savoir unique en vous fournissant des options et des retours d&rsquo;exp\u00e9rience dans ce domaine, et en les mettant en \u0153uvre au service de vos objectifs, afin que votre strat\u00e9gie soit pertinente \u00e0 l&rsquo;\u00e9chelon national et international.<\/p>\n<p>De tels partenariats peuvent \u00eatre \u00e9tablis avec les prestataires de services des pharmaciens d&rsquo;officine ou hospitaliers, avec les banni\u00e8res et groupements, avec l&rsquo;industrie pharmaceutique, les fondations et toute autre partie prenante pertinente.<\/p>\n<p><em><u>Voici quelques exemples de situations pour lesquelles nous vous aidons :<\/u><\/em><\/p>\n<ul>\n<li>Vous travaillez dans l&rsquo;industrie pharmaceutique, et vous souhaitez d\u00e9velopper un partenariat pouss\u00e9 \u00e0 l&rsquo;\u00e9chelon mondial ou r\u00e9gional avec les associations locales de pharmaciens, un partenariat qui sera appr\u00e9ci\u00e9, applicable et pertinent pour toutes les parties prenantes, malgr\u00e9 les diff\u00e9rences entre les pays.<\/li>\n<li>Vous \u00eates un dirigeant d&rsquo;un groupement \/ cha\u00eene de pharmacies et vous souhaitez d\u00e9velopper et mettre en \u0153uvre de nouveaux services avec le soutien de plusieurs parties prenantes.<\/li>\n<li>Vous \u00eates un dirigeant d&rsquo;une association de pharmaciens qui d\u00e9sire d\u00e9velopper une vision et un plan de d\u00e9veloppement de la pharmacie qui ne refl\u00e8te pas uniquement les visions et aspirations de la profession, mais qui est soutenu et partag\u00e9 par une vaste coalition de parties prenantes.<\/li>\n<\/ul>\n<p>&nbsp;<\/p>\n","protected":false},"excerpt":{"rendered":"<p>L\u2019\u00e9volution de la pharmacie r\u00e9sultera d\u2019une approche synerg\u00e9tique associant innovations, politiques et partenariats. Pharmacy and Consulting vous offre un soutien personnalis\u00e9 et une expertise technique, pour faciliter vos succ\u00e8s futurs. &nbsp; L&rsquo;innovation en pharmacie \u00c0 travers le monde, nous assistons \u00e0 une innovation croissante en pharmacie, notamment \u00e0 travers le d\u00e9veloppement de nouveaux services destin\u00e9s [&hellip;]<\/p>\n","protected":false},"author":1,"featured_media":0,"parent":205053,"menu_order":2,"comment_status":"closed","ping_status":"closed","template":"","meta":{"footnotes":""},"class_list":["post-205077","page","type-page","status-publish","hentry"],"_links":{"self":[{"href":"https:\/\/www.pharmacyandconsulting.com\/index.php?rest_route=\/wp\/v2\/pages\/205077","targetHints":{"allow":["GET"]}}],"collection":[{"href":"https:\/\/www.pharmacyandconsulting.com\/index.php?rest_route=\/wp\/v2\/pages"}],"about":[{"href":"https:\/\/www.pharmacyandconsulting.com\/index.php?rest_route=\/wp\/v2\/types\/page"}],"author":[{"embeddable":true,"href":"https:\/\/www.pharmacyandconsulting.com\/index.php?rest_route=\/wp\/v2\/users\/1"}],"replies":[{"embeddable":true,"href":"https:\/\/www.pharmacyandconsulting.com\/index.php?rest_route=%2Fwp%2Fv2%2Fcomments&post=205077"}],"version-history":[{"count":1,"href":"https:\/\/www.pharmacyandconsulting.com\/index.php?rest_route=\/wp\/v2\/pages\/205077\/revisions"}],"predecessor-version":[{"id":205255,"href":"https:\/\/www.pharmacyandconsulting.com\/index.php?rest_route=\/wp\/v2\/pages\/205077\/revisions\/205255"}],"up":[{"embeddable":true,"href":"https:\/\/www.pharmacyandconsulting.com\/index.php?rest_route=\/wp\/v2\/pages\/205053"}],"wp:attachment":[{"href":"https:\/\/www.pharmacyandconsulting.com\/index.php?rest_route=%2Fwp%2Fv2%2Fmedia&parent=205077"}],"curies":[{"name":"wp","href":"https:\/\/api.w.org\/{rel}","templated":true}]}}