{"id":205053,"date":"2018-01-03T09:59:39","date_gmt":"2018-01-03T08:59:39","guid":{"rendered":"http:\/\/pharmacyandconsulting.com?page_id=205053"},"modified":"2025-12-22T22:59:45","modified_gmt":"2025-12-22T22:59:45","slug":"home-2","status":"publish","type":"page","link":"https:\/\/www.pharmacyandconsulting.com\/","title":{"rendered":"Accueil"},"content":{"rendered":"<h1 style=\"text-align: center;\"><strong>Votre plateforme mondiale pour <\/strong><strong>un soutien de haut niveau et une expertise <\/strong><strong><span style=\"letter-spacing: -0.1px;\">dans le domaine de la Pharmacie<\/span><\/strong><\/h1>\n<p>Pharmacy and Consulting vous offre une perspective internationale\u00a0et un soutien unique pour\u00a0d\u00e9velopper et mettre en\u00a0\u0153uvre\u00a0des\u00a0programmes, politiques et partenariats innovants\u00a0dans le monde de la Pharmacie,\u00a0\u00e0 l\u2019\u00e9chelon national ou international.<\/p>\n<p>&nbsp;<\/p>\n<p><span style=\"color: #000000;\"><strong>Notre vision :<\/strong>\u00a0un monde en meilleure sant\u00e9 o\u00f9 les pharmaciens sont reconnus comme des professionnels de sant\u00e9 essentiels aux syst\u00e8mes de sant\u00e9, \u00e0 travers leur engagement durable dans la sant\u00e9 publique (pr\u00e9vention et d\u00e9tection pr\u00e9coce d\u2019affections), la dispensation et l\u2019usage responsable des m\u00e9dicaments.<\/span><\/p>\n<div class=\"et_pb_header_content_wrapper\">\n<p><span style=\"color: #000000;\"><strong>Notre mission<\/strong> : renforcer les capacit\u00e9s des organisations de pharmaciens et de leurs parties prenantes pour d\u00e9velopper, mettre en \u0153uvre et p\u00e9r\u00e9nniser des programmes qui soutiennent cette vision. A cette fin, Pharmacy and Consulting fournit un soutien au d\u00e9veloppement de programmes, de politiques et de partenariats innovants \u00e0 l\u2019\u00e9chelon national ou international.<\/span><\/p>\n<p><span style=\"text-align: center; letter-spacing: -0.1px;\">En s\u2019appuyant sur une expertise reconnue et des r\u00e9seaux \u00e9tendus, Pharmacy and Consulting d\u00e9veloppe des services personnalis\u00e9s qui soutiennent les associations de pharmaciens et leurs parties prenantes en particulier dans les trois domaines suivants :\u00a0<\/span><\/p>\n<\/div>\n<p><strong>Innovation<\/strong> : Le d\u00e9veloppement, la mise en \u0153uvre et la p\u00e9rennisation de nouveaux services fournis en pharmacie.<\/p>\n<p><strong>Politiques pharmaceutiques<\/strong> : en vue d\u2019assurer un cadre l\u00e9gal et \u00e9conomique optimal qui soutienne la pratique pharmaceutique et les innovations.<\/p>\n<p><strong>Partenariats<\/strong> :\u00a0Partenariats et co-d\u00e9veloppement innovants entre la Pharmacie et ses parties prenantes (telles que les autres professions de sant\u00e9, les patients, l\u2019industrie pharmaceutique et leurs organisations respectives).<\/p>\n","protected":false},"excerpt":{"rendered":"<p>Votre plateforme mondiale pour un soutien de haut niveau et une expertise dans le domaine de la Pharmacie Pharmacy and Consulting vous offre une perspective internationale\u00a0et un soutien unique pour\u00a0d\u00e9velopper et mettre en\u00a0\u0153uvre\u00a0des\u00a0programmes, politiques et partenariats innovants\u00a0dans le monde de la Pharmacie,\u00a0\u00e0 l\u2019\u00e9chelon national ou international. &nbsp; Notre vision :\u00a0un monde en meilleure sant\u00e9 o\u00f9 [&hellip;]<\/p>\n","protected":false},"author":1,"featured_media":0,"parent":0,"menu_order":1,"comment_status":"closed","ping_status":"closed","template":"","meta":{"footnotes":""},"class_list":["post-205053","page","type-page","status-publish","hentry"],"_links":{"self":[{"href":"https:\/\/www.pharmacyandconsulting.com\/index.php?rest_route=\/wp\/v2\/pages\/205053","targetHints":{"allow":["GET"]}}],"collection":[{"href":"https:\/\/www.pharmacyandconsulting.com\/index.php?rest_route=\/wp\/v2\/pages"}],"about":[{"href":"https:\/\/www.pharmacyandconsulting.com\/index.php?rest_route=\/wp\/v2\/types\/page"}],"author":[{"embeddable":true,"href":"https:\/\/www.pharmacyandconsulting.com\/index.php?rest_route=\/wp\/v2\/users\/1"}],"replies":[{"embeddable":true,"href":"https:\/\/www.pharmacyandconsulting.com\/index.php?rest_route=%2Fwp%2Fv2%2Fcomments&post=205053"}],"version-history":[{"count":3,"href":"https:\/\/www.pharmacyandconsulting.com\/index.php?rest_route=\/wp\/v2\/pages\/205053\/revisions"}],"predecessor-version":[{"id":205267,"href":"https:\/\/www.pharmacyandconsulting.com\/index.php?rest_route=\/wp\/v2\/pages\/205053\/revisions\/205267"}],"wp:attachment":[{"href":"https:\/\/www.pharmacyandconsulting.com\/index.php?rest_route=%2Fwp%2Fv2%2Fmedia&parent=205053"}],"curies":[{"name":"wp","href":"https:\/\/api.w.org\/{rel}","templated":true}]}}